
{"id":326,"date":"2015-04-25T11:39:35","date_gmt":"2015-04-25T09:39:35","guid":{"rendered":"http:\/\/www.iberenglish.es\/camp\/es\/?page_id=326"},"modified":"2021-10-25T12:40:26","modified_gmt":"2021-10-25T10:40:26","slug":"desde-el-corazon","status":"publish","type":"page","link":"https:\/\/iberenglish.es\/camp\/es\/desde-el-corazon\/","title":{"rendered":"Desde el Corazon"},"content":{"rendered":"<div class=\"panel-grid\" id=\"pg-326-0\"><div class=\"panel-grid-core\"><div class=\"panel-grid-cell\" id=\"pgc-326-0-0\" ><p><b><i>From The Heart<\/i><\/b><\/p><p><i><span class=\"fs26 ff1 cf0\">El proverbio africano <b>\"se necesita una aldea para criar a un ni\u00f1o\"<\/b> es especialmente cierto en la crianza de un ni\u00f1o que va a ser biling\u00fce. Como una madre criando a su hijo biling\u00fce Ingl\u00e9s\/Espa\u00f1ol en un pa\u00eds de habla espa\u00f1ola, me he encontrado con muchos retos, frustraciones y malentendidos, junto con los \u00e9xitos. Una cosa es segura, estos \u00e9xitos no habr\u00edan ocurrido sin una <b>red de recursos (aldeas)<\/b> que nos rodea.<br \/><\/span><span class=\"fs36 ff1 cf0\"><b><br \/>A<\/b><\/span><span class=\"fs28 ff1 cf0\">l mudarme a Espa\u00f1a en 2001 yo ten\u00eda una vaga idea de las pruebas y tribulaciones que van con el establecimiento de uno mismo en un nuevo pa\u00eds. Cuando mi hijo naci\u00f3 hace ocho a\u00f1os, me di cuenta de que no ten\u00eda ni idea acerca de los retos que enfrentan los padres expatriados tratando de criar a sus hijos de forma biling\u00fce.<\/span><\/i><\/p><p><span class=\"fs36 ff1 cf0\"><b>C<\/b><\/span><span class=\"fs28 ff1 cf0\">omo muchos ni\u00f1os educados de forma biling\u00fce, mi hijo necesita el ingl\u00e9s por motivos familiares. Sus abuelos, t\u00edas, t\u00edos y primos en los EE.UU. no hablan espa\u00f1ol por lo que el dominio del ingl\u00e9s es esencial para que \u00e9l se comunique con ellos.<\/span><\/p><p><span class=\"fs36 ff1 cf0\"><b>C<\/b><\/span><span class=\"fs28 ff1 cf0\">on mi trabajo en el campo de la ense\u00f1anza de ingl\u00e9s, he ense\u00f1ado a numerosos ejecutivos y otros adultos de muchos pa\u00edses la forma de comunicarse en mi lengua materna. Sin embargo, \u00a1esta es la primera vez que me he criado a un ni\u00f1o biling\u00fce! En mi investigaci\u00f3n del desarrollo biling\u00fcismo en los ni\u00f1os, una cosa me qued\u00f3 clara: la necesidad de crear un aldea de habla inglesa para mi hijo donde iba a o\u00edr otras personas hablar ingl\u00e9s e interactuar con ni\u00f1os como \u00e9l, que han estado expuestos al ingl\u00e9s desde una edad temprana y usan el ingl\u00e9s como una v\u00eda de comunicaci\u00f3n con uno o ambos de sus padres.<\/span><\/p><p><span class=\"fs36 ff1 cf0\"><b>E<\/b><\/span><span class=\"fs28 ff1 cf0\">n 2007, cuando mi hijo estaba empezando a caminar, algunos padres expatriados se unieron para crear <b>Northern Stars<\/b> -<wbr \/> un grupo de familias dedicadas a la crianza de nuestros hijos de forma biling\u00fce. Durante los \u00faltimos siete a\u00f1os Northern Stars se ha convertido en esta aldea de habla inglesa para mi hijo y cientos de otros ni\u00f1os en Madrid. Como resultado, puedo decir con orgullo que mi hijo es biling\u00fce en ingl\u00e9s y espa\u00f1ol. \u00c9l es un lector y locutor competente (s\u00ed, ese es mi hijo, \u00c1ngel, en el v\u00eddeo) de las lenguas de Shakespeare y Cervantes.<\/span><\/p><p><span class=\"fs36 ff1 cf0\"><b>S<\/b><\/span><span class=\"fs28 ff1 cf0\">in embargo, mis desaf\u00edos del expatriado permanecen. Ya que \u00e9l ha cumplido la edad para asistir a los campamentos de verano he descubierto que hay una falta de campamentos para los ni\u00f1os biling\u00fces como \u00e9l en Madrid.<\/span><\/p><p>No hace falta decir que cuando se le pidi\u00f3 a mi empresa, Iberenglish, a colaborar con Kids Fun Ideas\u00ae para implementar nuestro programa Hands On English\u00ae en un campamento de verano urbano especialmente para los ni\u00f1os que se educan de forma biling\u00fce, ya sea en sus familias o en la escuela, me apunt\u00e9 inmediatamente.<\/p><p><span class=\"fs36 ff1 cf0\"><b>E<\/b><\/span><span class=\"fs28 ff1 cf0\">st\u00e1 bien documentado que los ni\u00f1os biling\u00fces, cuando se les pone con otros ni\u00f1os cuya competencia en ingl\u00e9s no es tan fuerte, recurren al idioma m\u00e1s fuerte del otro ni\u00f1o. Sin embargo, cuando est\u00e1n con otros hablantes competentes de ingl\u00e9s, est\u00e1n motivados para usar esa lengua. De todos los campamentos respetables que llevan a cabo sus programas en ingl\u00e9s en Madrid, ninguno se ajusta espec\u00edficamente a las necesidades de los ni\u00f1os que ya hablan ingl\u00e9s desde una edad temprana. El programa de Iberenglish, Hands On English\u00ae, ha sido cuidadosamente dise\u00f1ado para fomentar a los biling\u00fces incipientes a usar sus habilidades en ingl\u00e9s de forma natural y fortalecer su confianza y vocabulario en este idioma. Con esta tercera edici\u00f3n del campamento Kids Fun Ideas\u00ae, los ni\u00f1os van a seguir ampliando sus habilidades de fluidez en ingl\u00e9s -<wbr \/> todo el tiempo jugando y divirti\u00e9ndose.<\/span><\/p><p><span class=\"fs36 ff1 cf0\"><b>E<\/b><\/span><span class=\"fs28 ff1 cf0\">ste es un proyecto personal para m\u00ed -<wbr \/> el resultado de un largo viaje. Al igual que usted, aprecio y valoro el biling\u00fcismo en mi hijo. Os animo a conocer este proyecto y unirse a nosotros este verano para que los ni\u00f1os, hagan deportes, canten, bailen y hagan manualidades\u2026 ALL IN ENGLISH! <\/span><\/p><p>Rebecca Gaspar<br \/>Directora Iberenglish LP<br \/>C\/ Mundillo 3 -<wbr \/> 28029 Madrid<br \/>Tel: 93152143<\/p><\/div><div class=\"panel-grid-cell\" id=\"pgc-326-0-1\" ><pauto><img decoding=\"async\" src=\"https:\/\/iberenglish.es\/camp\/es\/wp-content\/uploads\/2015\/04\/405303_10150625161811000_1039135018_n-e1431418832915-241x300.jpg\" alt=\"\" \/ ><\/p><p><span style=\"font-size: 10pt;\">A letter from Director of <\/span><br \/><span style=\"font-size: 10pt;\">\"100% English Summer Camp<\/span><br \/><span style=\"font-size: 10pt;\"> Rebecca Gaspar<\/span><br \/><a href=\"https:\/\/es.linkedin.com\/pub\/rebecca-gaspar\/0\/1b2\/876\/es\" target=\"_blank\" rel=\"noopener\"><img loading=\"lazy\" decoding=\"async\" class=\"alignnone wp-image-322\" src=\"https:\/\/www.iberenglish.es\/camp\/es\/wp-content\/uploads\/2015\/04\/btn_viewmy_160x33_es_ES.png\" alt=\"btn_viewmy_160x33_es_ES\" width=\"160\" height=\"33\" \/><\/a><\/p><\/div><\/div><\/div>","protected":false},"excerpt":{"rendered":"<p>From The HeartEl proverbio africano \u00abse necesita una aldea para criar a un ni\u00f1o\u00bb es especialmente cierto en la crianza de un ni\u00f1o que va a ser biling\u00fce. Como una madre criando a su hijo biling\u00fce Ingl\u00e9s\/Espa\u00f1ol en un pa\u00eds de habla espa\u00f1ola, me he encontrado con muchos retos, frustraciones y malentendidos, junto con los&hellip;<\/p>\n","protected":false},"author":2,"featured_media":0,"parent":0,"menu_order":0,"comment_status":"closed","ping_status":"closed","template":"","meta":{"footnotes":""},"categories":[3,11],"tags":[6,4],"class_list":["post-326","page","type-page","status-publish","hentry","category-campamentos","category-spanish","tag-actividades-infantiles","tag-campamentos"],"_links":{"self":[{"href":"https:\/\/iberenglish.es\/camp\/es\/wp-json\/wp\/v2\/pages\/326","targetHints":{"allow":["GET"]}}],"collection":[{"href":"https:\/\/iberenglish.es\/camp\/es\/wp-json\/wp\/v2\/pages"}],"about":[{"href":"https:\/\/iberenglish.es\/camp\/es\/wp-json\/wp\/v2\/types\/page"}],"author":[{"embeddable":true,"href":"https:\/\/iberenglish.es\/camp\/es\/wp-json\/wp\/v2\/users\/2"}],"replies":[{"embeddable":true,"href":"https:\/\/iberenglish.es\/camp\/es\/wp-json\/wp\/v2\/comments?post=326"}],"version-history":[{"count":7,"href":"https:\/\/iberenglish.es\/camp\/es\/wp-json\/wp\/v2\/pages\/326\/revisions"}],"predecessor-version":[{"id":2699,"href":"https:\/\/iberenglish.es\/camp\/es\/wp-json\/wp\/v2\/pages\/326\/revisions\/2699"}],"wp:attachment":[{"href":"https:\/\/iberenglish.es\/camp\/es\/wp-json\/wp\/v2\/media?parent=326"}],"wp:term":[{"taxonomy":"category","embeddable":true,"href":"https:\/\/iberenglish.es\/camp\/es\/wp-json\/wp\/v2\/categories?post=326"},{"taxonomy":"post_tag","embeddable":true,"href":"https:\/\/iberenglish.es\/camp\/es\/wp-json\/wp\/v2\/tags?post=326"}],"curies":[{"name":"wp","href":"https:\/\/api.w.org\/{rel}","templated":true}]}}