
{"id":354,"date":"2015-05-01T16:47:23","date_gmt":"2015-05-01T14:47:23","guid":{"rendered":"http:\/\/www.iberenglish.es\/camp\/es\/?page_id=354"},"modified":"2018-05-09T20:36:02","modified_gmt":"2018-05-09T18:36:02","slug":"preguntas-faqs","status":"publish","type":"page","link":"https:\/\/iberenglish.es\/camp\/es\/preguntas-faqs\/","title":{"rendered":"Preguntas Frecuentes"},"content":{"rendered":"<div class=\"panel-grid\" id=\"pg-354-0\"><div class=\"panel-grid-core\"><div class=\"panel-grid-cell\" id=\"pgc-354-0-0\" ><h1 style=\"font-style: normal;\"><span>PREGUNTAS FRECUENTES<\/span><\/h1><div id=\"accordion-thinkupshortcodesthinkup_builder_toggle\" class=\"accordion style1\"><div class=\"accordion-group\"><div class=\"accordion-heading\"><a class=\"accordion-toggle collapsed\" data-toggle=\"collapse\" data-parent=\"#accordion-thinkupshortcodesthinkup_builder_toggle\" href=\"#thinkupshortcodesthinkup_builder_toggle-0\">\u00bfQuien organiza estos campamentos?<\/a><\/div><div id=\"thinkupshortcodesthinkup_builder_toggle-0\" class=\"accordion-body collapse\"><div class=\"accordion-inner\">Organiza y dirige los campamentos Burnett Investment SL, que a trav\u00e9s de su marca IberEnglish\u00ae y Kids English Club\u00ae viene desarrollando su actividad en el \u00e1mbito de la formaci\u00f3n de ingl\u00e9s desde hace m\u00e1s de 10 a\u00f1os en Madrid.\n\nIberEnglish\u00ae, dirige dos academias de ingl\u00e9s en el distrito de Tetu\u00e1n, una en la C\/ Mundillo 3 - 28029 Madrid y otra en la C\/Amalia 9 - 28020 Madrid. En donde durante los meses de septiembre a junio se realizan los cursos y clases generales y durante los meses de verano se imparten cursos intensivos.\n\nSomos empresa seria y estable, con m\u00e1s de 10 a\u00f1os de antig\u00fcedad, dedicada a la ense\u00f1anza del idioma ingl\u00e9s y al fomento del biling\u00fcismo, con instalaciones propias, medios humanos y materiales propios y los correspondientes seguros de responsabilidad civil. Puede ver los detalles al pi\u00e9 de p\u00e1gina y en los avisos legales.<\/div><\/div><\/div><div class=\"accordion-group\"><div class=\"accordion-heading\"><a class=\"accordion-toggle collapsed\" data-toggle=\"collapse\" data-parent=\"#accordion-thinkupshortcodesthinkup_builder_toggle\" href=\"#thinkupshortcodesthinkup_builder_toggle-1\">\u00bfComo y donde se organizan?<\/a><\/div><div id=\"thinkupshortcodesthinkup_builder_toggle-1\" class=\"accordion-body collapse\"><div class=\"accordion-inner\">Los campamentos se desarrollan en nuestras propias instalaciones u otras alquiladas a tal efecto.\n\nEn cualquier caso en lugares c\u00f3modos y accesibles en donde nos encargaremos de sacar el m\u00e1ximo provecho a sus espacios para desarrollar un programa de actividades  seguro, ameno, divertido y ALL IN ENGLISH.\n\nLas instalaciones, como decimos, son c\u00f3modas, accesibles, est\u00e1n dotadas de aire acondicionado y pueden ser visitadas.<\/div><\/div><\/div><div class=\"accordion-group\"><div class=\"accordion-heading\"><a class=\"accordion-toggle collapsed\" data-toggle=\"collapse\" data-parent=\"#accordion-thinkupshortcodesthinkup_builder_toggle\" href=\"#thinkupshortcodesthinkup_builder_toggle-2\">\u00bfDe qu\u00e9 edades pueden asistir los ni\u00f1os al campamento?<\/a><\/div><div id=\"thinkupshortcodesthinkup_builder_toggle-2\" class=\"accordion-body collapse\"><div class=\"accordion-inner\">El campamento est\u00e1 pensado para ni\u00f1os entre los 4 y los 11 a\u00f1os.\n\nSe aceptan ni\u00f1os\/as de 3 a\u00f1os si cumplen 4 a\u00f1os este a\u00f1o y est\u00e1n dotados de cierto nivel de autonom\u00eda.\n\nTambi\u00e9n se aceptan ni\u00f1os\/as mayores de 11 a\u00f1os como pre-monitores, un rol especial que concedemos a los m\u00e1s mayores y que les permite integrarse en el campamento sin aburrirse sinti\u00e9ndose importantes y \u00fatiles.<\/div><\/div><\/div><div class=\"accordion-group\"><div class=\"accordion-heading\"><a class=\"accordion-toggle collapsed\" data-toggle=\"collapse\" data-parent=\"#accordion-thinkupshortcodesthinkup_builder_toggle\" href=\"#thinkupshortcodesthinkup_builder_toggle-3\">\u00bfTienen experiencia en este tipo de actividades?<\/a><\/div><div id=\"thinkupshortcodesthinkup_builder_toggle-3\" class=\"accordion-body collapse\"><div class=\"accordion-inner\">Organizamos actividades infantiles 100% en Ingl\u00e9s desde el a\u00f1o 2009 y estamos encantados de continuar con este campamento que r\u00e1pidamente est\u00e1 siendo uno de los favoritos entre la comunidad de habla inglesa en Madrid.<\/div><\/div><\/div><div class=\"accordion-group\"><div class=\"accordion-heading\"><a class=\"accordion-toggle collapsed\" data-toggle=\"collapse\" data-parent=\"#accordion-thinkupshortcodesthinkup_builder_toggle\" href=\"#thinkupshortcodesthinkup_builder_toggle-4\">\u00bfQue quiere decir 100% en ingl\u00e9s?<\/a><\/div><div id=\"thinkupshortcodesthinkup_builder_toggle-4\" class=\"accordion-body collapse\"><div class=\"accordion-inner\">Significa que el idioma principal del campamento es el ingl\u00e9s. Todas las actividades est\u00e1n pensadas para que los ni\u00f1os desarrollen sus habilidades de comunicaci\u00f3n en ingl\u00e9s. Tendr\u00e1n que seguir y dar instrucciones, comunicarse con las monitoras y con sus compa\u00f1eros, todo en ingl\u00e9s.\n\nEste Campamento es diferente a otros campamentos urbanos en Madrid donde el ingl\u00e9s es simplemente una actividad m\u00e1s en una jornada llena de actividades.\n\nEn nuestro campamento, los ni\u00f1os est\u00e1n involucrados en una variedad de actividades a lo largo del d\u00eda, EN INGL\u00c9S.<\/div><\/div><\/div><div class=\"accordion-group\"><div class=\"accordion-heading\"><a class=\"accordion-toggle collapsed\" data-toggle=\"collapse\" data-parent=\"#accordion-thinkupshortcodesthinkup_builder_toggle\" href=\"#thinkupshortcodesthinkup_builder_toggle-5\">\u00bfEntonces... Es un campamento para ni\u00f1os biling\u00fces?<\/a><\/div><div id=\"thinkupshortcodesthinkup_builder_toggle-5\" class=\"accordion-body collapse\"><div class=\"accordion-inner\">Es un campamento para ni\u00f1os biling\u00fces y tambi\u00e9n para ni\u00f1os que aspiran a serlo y que se est\u00e1n siendo criados de forma biling\u00fce y que en ambos casos necesitan oportunidades de tomar lo que han aprendido durante el a\u00f1o escolar y usarlo en maneras que les ayuden significativamente a aumentar su confianza en el uso del ingl\u00e9s. <\/div><\/div><\/div><div class=\"accordion-group\"><div class=\"accordion-heading\"><a class=\"accordion-toggle collapsed\" data-toggle=\"collapse\" data-parent=\"#accordion-thinkupshortcodesthinkup_builder_toggle\" href=\"#thinkupshortcodesthinkup_builder_toggle-6\">\u00bfMi hijo\/a necesita un cierto nivel de ingl\u00e9s para asistir a sus actividades?<\/a><\/div><div id=\"thinkupshortcodesthinkup_builder_toggle-6\" class=\"accordion-body collapse\"><div class=\"accordion-inner\">No, a menos que tu hijo\/a no haya recibido clases de ingl\u00e9s en el colegio. Actualmente el ingl\u00e9s es obligatorio en el sistema educativo espa\u00f1ol, y por ejemplo, un ni\u00f1o de 7 a\u00f1os ha recibido varios a\u00f1os de ingl\u00e9s en la escuela, con lo que deber\u00eda estar suficientemente capacitado para poder asistir a nuestro campamento.<\/div><\/div><\/div><div class=\"accordion-group\"><div class=\"accordion-heading\"><a class=\"accordion-toggle collapsed\" data-toggle=\"collapse\" data-parent=\"#accordion-thinkupshortcodesthinkup_builder_toggle\" href=\"#thinkupshortcodesthinkup_builder_toggle-7\">\u00bfSi mi hijo\/a, en un momento dado, no entiende muy bien lo que se dice se ver\u00e1 incomunicado? <\/a><\/div><div id=\"thinkupshortcodesthinkup_builder_toggle-7\" class=\"accordion-body collapse\"><div class=\"accordion-inner\">En absoluto, nuestras profesoras\/monitoras nativas aunque se dedican profesionalmente a la ense\u00f1anza del ingl\u00e9s son hablantes competentes de espa\u00f1ol y si vieran la necesidad hablar\u00edan en espa\u00f1ol con sus hijos. Recurren al espa\u00f1ol cuando es necesario.<\/div><\/div><\/div><div class=\"accordion-group\"><div class=\"accordion-heading\"><a class=\"accordion-toggle collapsed\" data-toggle=\"collapse\" data-parent=\"#accordion-thinkupshortcodesthinkup_builder_toggle\" href=\"#thinkupshortcodesthinkup_builder_toggle-8\">\u00bfQue tipo de profesionales imparten sus actividades?<\/a><\/div><div id=\"thinkupshortcodesthinkup_builder_toggle-8\" class=\"accordion-body collapse\"><div class=\"accordion-inner\">El personal que imparte los campamentos son monitoras nativas de un pa\u00eds de habla inglesa, GB, USA, Canad\u00e1, etc. Todas tienen sus estudios universitarios en sus pa\u00edses de origen, master de postgrado y experiencia en este tipo de actividades con ni\u00f1os. Normalmente son las mismas profesoras que nos acompa\u00f1an todo el a\u00f1o impartiendo clases de ingl\u00e9s a ni\u00f1os y adultos.<\/div><\/div><\/div><div class=\"accordion-group\"><div class=\"accordion-heading\"><a class=\"accordion-toggle collapsed\" data-toggle=\"collapse\" data-parent=\"#accordion-thinkupshortcodesthinkup_builder_toggle\" href=\"#thinkupshortcodesthinkup_builder_toggle-9\">\u00bfTodas las actividades son de interior?<\/a><\/div><div id=\"thinkupshortcodesthinkup_builder_toggle-9\" class=\"accordion-body collapse\"><div class=\"accordion-inner\">No claro, parte de las actividades se desarrollar\u00e1n al aire libre en un parque p\u00fablico colindante muy accesible o en nuestra amplia terraza, en donde gozar\u00e1n de un entorno sombr\u00edo y seguro, permanentemente controlado por nuestro personal. Los ni\u00f1os saldr\u00e1n dos veces al d\u00eda para realizar juegos y actividades deportivas suaves.<\/div><\/div><\/div><div class=\"accordion-group\"><div class=\"accordion-heading\"><a class=\"accordion-toggle collapsed\" data-toggle=\"collapse\" data-parent=\"#accordion-thinkupshortcodesthinkup_builder_toggle\" href=\"#thinkupshortcodesthinkup_builder_toggle-10\">\u00bfQue horarios tienen los campamentos?<\/a><\/div><div id=\"thinkupshortcodesthinkup_builder_toggle-10\" class=\"accordion-body collapse\"><div class=\"accordion-inner\">Las actividades principales del campamento se desarrollan de lunes a viernes de 9:00 de la ma\u00f1ana a 14:00 de la tarde. Tambi\u00e9n cabe la posibilidad de ampliar un poco m\u00e1s el horario con el servicio previo al campamento de 8:00-9:00 de la ma\u00f1ana y posterior, de 14:00-15:30, o hasta las 17:00 para aquellos casos en los que se necesite un horario m\u00e1s amplio para facilitar la conciliaci\u00f3n.<\/div><\/div><\/div><div class=\"accordion-group\"><div class=\"accordion-heading\"><a class=\"accordion-toggle collapsed\" data-toggle=\"collapse\" data-parent=\"#accordion-thinkupshortcodesthinkup_builder_toggle\" href=\"#thinkupshortcodesthinkup_builder_toggle-11\">\u00bfCuantas plazas hay? \u00bfTodav\u00eda quedan plazas libres?<\/a><\/div><div id=\"thinkupshortcodesthinkup_builder_toggle-11\" class=\"accordion-body collapse\"><div class=\"accordion-inner\">El n\u00famero de plazas es muy limitado, est\u00e1 en funci\u00f3n del aforo de las instalaciones y de c\u00f3mo se vayan componiendo los grupos seg\u00fan las reservas. Como en a\u00f1os anteriores se ir\u00e1 informando de la evoluci\u00f3n de las reservas en nuestra p\u00e1gina web. Recomendamos hacer las reservas en cuanto se tengan claras las necesidades.<\/div><\/div><\/div><div class=\"accordion-group\"><div class=\"accordion-heading\"><a class=\"accordion-toggle collapsed\" data-toggle=\"collapse\" data-parent=\"#accordion-thinkupshortcodesthinkup_builder_toggle\" href=\"#thinkupshortcodesthinkup_builder_toggle-12\">He visto los precios. \u00bfHay alg\u00fan tipo de descuento?<\/a><\/div><div id=\"thinkupshortcodesthinkup_builder_toggle-12\" class=\"accordion-body collapse\"><div class=\"accordion-inner\">S\u00ed, existen descuentos en funci\u00f3n del tiempo de contrataci\u00f3n, por hermanos y si vienes con tu amigo. Algunos de los descuentos son acumulables.<\/div><\/div><\/div><div class=\"accordion-group\"><div class=\"accordion-heading\"><a class=\"accordion-toggle collapsed\" data-toggle=\"collapse\" data-parent=\"#accordion-thinkupshortcodesthinkup_builder_toggle\" href=\"#thinkupshortcodesthinkup_builder_toggle-13\">Tengo m\u00e1s de un hijo. \u00bfComo puedo saber el precio exacto?<\/a><\/div><div id=\"thinkupshortcodesthinkup_builder_toggle-13\" class=\"accordion-body collapse\"><div class=\"accordion-inner\">Cumplimente un formulario de solicitud de presupuesto, en poco tiempo le responderemos con un presupuesto con todos los precios y descuentos. De esta forma nos permite recabar los datos necesarios para atender su solicitud conforme a la Ley de Protecci\u00f3n de Datos<\/div><\/div><\/div><div class=\"accordion-group\"><div class=\"accordion-heading\"><a class=\"accordion-toggle collapsed\" data-toggle=\"collapse\" data-parent=\"#accordion-thinkupshortcodesthinkup_builder_toggle\" href=\"#thinkupshortcodesthinkup_builder_toggle-14\">\u00bfComo se hace la reserva y el pago?<\/a><\/div><div id=\"thinkupshortcodesthinkup_builder_toggle-14\" class=\"accordion-body collapse\"><div class=\"accordion-inner\">Una vez tomada la decisi\u00f3n firme, en el mismo documento del presupuesto hay instrucciones sobre el pago, etc. Se aceptan transferencias y tarjetas bancarias, para pago en efectivo deber\u00e1 acudir a nuestra oficina de la Calle Amalia 9.<\/div><\/div><\/div><div class=\"accordion-group\"><div class=\"accordion-heading\"><a class=\"accordion-toggle collapsed\" data-toggle=\"collapse\" data-parent=\"#accordion-thinkupshortcodesthinkup_builder_toggle\" href=\"#thinkupshortcodesthinkup_builder_toggle-15\">\u00bfSe pueden visitar las instalaciones?<\/a><\/div><div id=\"thinkupshortcodesthinkup_builder_toggle-15\" class=\"accordion-body collapse\"><div class=\"accordion-inner\">Si, las instalaciones pueden ser visitadas cualquier d\u00eda de lunes a viernes.\n\nLl\u00e1menos por tel\u00e9fono para asegurar que podamos atenderle.\n\nDurante las semanas previas al inicio de un campamento suelen establecerse unos d\u00edas de puertas abiertas.<\/div><\/div><\/div><\/div><\/div><div class=\"panel-grid-cell\" id=\"pgc-354-0-1\" ><pauto><img decoding=\"async\" src=\"https:\/\/iberenglish.es\/camp\/es\/wp-content\/uploads\/2015\/04\/summer_day_camp_2017.jpg\" alt=\"\" \/ ><\/p><pauto><img decoding=\"async\" src=\"https:\/\/iberenglish.es\/camp\/es\/wp-content\/uploads\/2016\/07\/workshops-603x380.jpg\" alt=\"\" \/ ><\/p><div class=\"margin10\"><\/div><div class=\"animated start-flipInX\" title=\"\"><div class=\"sc-lightbox image\"><span><img decoding=\"async\" class=\"lightbox\" src=\"https:\/\/iberenglish.es\/camp\/es\/wp-content\/uploads\/2015\/07\/bilingual.jpg\"><\/span><div class=\"image-overlay\"><div class=\"image-overlay-inner\"><div class=\"hover-icons\"><a class=\"hover-zoom prettyPhoto\" href=\"https:\/\/iberenglish.es\/camp\/es\/wp-content\/uploads\/2015\/07\/bilingual.jpg\"><i><\/i><\/a><\/div><\/div><\/div><\/div><\/div><div class=\"clearboth\"><\/div><\/div><\/div><\/div>","protected":false},"excerpt":{"rendered":"<p>PREGUNTAS FRECUENTES\u00bfQuien organiza estos campamentos?Organiza y dirige los campamentos Burnett Investment SL, que a trav\u00e9s de su marca IberEnglish\u00ae y Kids English Club\u00ae viene desarrollando su actividad en el \u00e1mbito de la formaci\u00f3n de ingl\u00e9s desde hace m\u00e1s de 10 a\u00f1os en Madrid. IberEnglish\u00ae, dirige dos academias de ingl\u00e9s en el distrito de Tetu\u00e1n, una&hellip;<\/p>\n","protected":false},"author":2,"featured_media":0,"parent":0,"menu_order":0,"comment_status":"closed","ping_status":"closed","template":"","meta":{"footnotes":""},"categories":[3,11],"tags":[6,4,5],"class_list":["post-354","page","type-page","status-publish","hentry","category-campamentos","category-spanish","tag-actividades-infantiles","tag-campamentos","tag-urbanos"],"_links":{"self":[{"href":"https:\/\/iberenglish.es\/camp\/es\/wp-json\/wp\/v2\/pages\/354","targetHints":{"allow":["GET"]}}],"collection":[{"href":"https:\/\/iberenglish.es\/camp\/es\/wp-json\/wp\/v2\/pages"}],"about":[{"href":"https:\/\/iberenglish.es\/camp\/es\/wp-json\/wp\/v2\/types\/page"}],"author":[{"embeddable":true,"href":"https:\/\/iberenglish.es\/camp\/es\/wp-json\/wp\/v2\/users\/2"}],"replies":[{"embeddable":true,"href":"https:\/\/iberenglish.es\/camp\/es\/wp-json\/wp\/v2\/comments?post=354"}],"version-history":[{"count":51,"href":"https:\/\/iberenglish.es\/camp\/es\/wp-json\/wp\/v2\/pages\/354\/revisions"}],"predecessor-version":[{"id":1971,"href":"https:\/\/iberenglish.es\/camp\/es\/wp-json\/wp\/v2\/pages\/354\/revisions\/1971"}],"wp:attachment":[{"href":"https:\/\/iberenglish.es\/camp\/es\/wp-json\/wp\/v2\/media?parent=354"}],"wp:term":[{"taxonomy":"category","embeddable":true,"href":"https:\/\/iberenglish.es\/camp\/es\/wp-json\/wp\/v2\/categories?post=354"},{"taxonomy":"post_tag","embeddable":true,"href":"https:\/\/iberenglish.es\/camp\/es\/wp-json\/wp\/v2\/tags?post=354"}],"curies":[{"name":"wp","href":"https:\/\/api.w.org\/{rel}","templated":true}]}}