
{"id":363,"date":"2015-04-29T20:46:58","date_gmt":"2015-04-29T18:46:58","guid":{"rendered":"http:\/\/www.iberenglish.es\/camp\/es\/?page_id=363"},"modified":"2019-01-05T13:10:50","modified_gmt":"2019-01-05T11:10:50","slug":"involucrame-y-aprendo","status":"publish","type":"page","link":"https:\/\/iberenglish.es\/camp\/es\/involucrame-y-aprendo\/","title":{"rendered":"invol\u00facrame y aprendo"},"content":{"rendered":"<div class=\"panel-grid\" id=\"pg-363-0\"><div class=\"panel-grid-core\"><div class=\"panel-grid-cell\" id=\"pgc-363-0-0\" ><h3><em>Invol\u00facrame y aprendo<\/em><\/h3><p><em>Benjamin Franklin, uno de los Padres Fundadores de los Estados Unidos de Am\u00e9rica \u2013 erudito, gran intelectual y pensador dijo: \u201cD\u00edmelo, y lo olvido. Ens\u00e9\u00f1amelo y lo recuerdo. Involucrarme y lo aprendo\u201d.<\/em><\/p><p><em>Precisamente este pensamiento es el fundamento de la filosof\u00eda del Kids English Club 100% English Camp. Diferente a los campamentos urbanos en Madrid donde el ingl\u00e9s es simplemente una actividad m\u00e1s en una jornada llena de actividades. En nuestro campamento, los ni\u00f1os est\u00e1n involucrados en una variedad de actividades a lo largo del d\u00eda, EN INGL\u00c9S.<\/em><\/p><p><em>Los ni\u00f1os que est\u00e1n siendo criados biling\u00fces necesitan oportunidades de tomar lo que han aprendido durante el a\u00f1o escolar y usarlo en maneras que les ayuden significativamente a aumentar su confianza en el uso del ingl\u00e9s. Viviendo en Espa\u00f1a, donde el ingl\u00e9s no es el primer idioma, los ni\u00f1os biling\u00fces est\u00e1n limitados en sus oportunidades de usar sus habilidades de hablar ingl\u00e9s de una forma continua.<\/em><\/p><p><em>Los que son \u201cbiling\u00fces de nacimiento\u201d o \u201cbiling\u00fces nativos\u201d quiz\u00e1s tienen m\u00e1s oportunidad para practicar en casa con su padre o madre de habla inglesa, cuando no est\u00e1 trabajando. Los ni\u00f1os que son biling\u00fces a trav\u00e9s de un programa educativo biling\u00fce ni siquiera tienen este contacto limitado con el ingl\u00e9s durante el verano, haciendo que su progreso regrese hasta que retoman la vida acad\u00e9mica en septiembre.<\/em><\/p><p><em>Celebrando ahora su 4\u00ba a\u00f1o, el \u201cKids English Club 100% English Camp\u201d est\u00e1 dise\u00f1ado espec\u00edficamente con el ni\u00f1o biling\u00fce en la mente. No somos un campamento para ense\u00f1ar el ingl\u00e9s. No damos clases en c\u00f3mo usar el pret\u00e9rito perfecto ni c\u00f3mo conjugar verbos ni c\u00f3mo contar hasta 1,000. Sus hijos aprender\u00e1n estas habilidades mediante la variedad de actividades estimulantes y creativas que tenemos planeado para ellos\u2026si es que tienen que pedir usar las tijeras, seguir las instrucciones de la coreograf\u00eda o informar de la distancia que su catapulta ha lanzado un objeto, tendr\u00e1n que hacerlo en ingl\u00e9s estando completamente inmersos, involucrados y produciendo ingl\u00e9s\u2026. \u201cinvolucrarme y aprendo\u2026\u201d<\/em><\/p><p><em>Estamos encantados de continuar con este campamento que r\u00e1pidamente est\u00e1 siendo uno de los favoritos entre la comunidad de habla inglesa en Madrid.<\/em><\/p><p><em>Tambi\u00e9n para mi es importante, es un proyecto personal \u2013 la lucha para involucrar a mi hijo en mi idioma nativo para que \u00e9l tambi\u00e9n llegue a ser un usuario competente tanto del ingl\u00e9s como del espa\u00f1ol.<\/em><\/p><p><em>Como t\u00fa, celebro y valoro el biling\u00fcismo en mi hijo y te animo a conocer este proyecto y venir con nosotros este verano mientras los ni\u00f1os, juegan, hacen deporte, cantan, bailan, exploran, y crean \u00a0ALL IN ENGLISH!<\/em><\/p><p>\u00a0<\/p><p><i><span class=\"fs28 ff1 cf0\"><br \/>Rebecca Gaspar<br \/>Directora Iberenglish LP<br \/>C\/ Mundillo 3 -<wbr \/> 28029 Madrid<br \/>Tel: 93152143<\/span><\/i><\/p><\/div><div class=\"panel-grid-cell\" id=\"pgc-363-0-1\" ><pauto><img decoding=\"async\" src=\"https:\/\/iberenglish.es\/camp\/es\/wp-content\/uploads\/2015\/04\/405303_10150625161811000_1039135018_n-e1431418890224.jpg\" alt=\"\" \/ ><\/p><p><span style=\"font-size: 10pt;\">A letter from Director of <\/span><br \/><span style=\"font-size: 10pt;\">\"100% English Summer Camp<\/span><br \/><span style=\"font-size: 10pt;\"> Rebecca Gaspar<\/span><\/p><p><a href=\"https:\/\/es.linkedin.com\/pub\/rebecca-gaspar\/0\/1b2\/876\/es\" target=\"_blank\" rel=\"noopener\"><img loading=\"lazy\" decoding=\"async\" class=\"alignnone size-full wp-image-484\" src=\"https:\/\/iberenglish.es\/camp\/es\/wp-content\/uploads\/2015\/05\/btn_viewmy_160x33_es_ES.png\" alt=\"btn_viewmy_160x33_es_ES\" width=\"160\" height=\"33\" \/><\/a><\/p><\/div><\/div><\/div>","protected":false},"excerpt":{"rendered":"<p>Invol\u00facrame y aprendoBenjamin Franklin, uno de los Padres Fundadores de los Estados Unidos de Am\u00e9rica \u2013 erudito, gran intelectual y pensador dijo: \u201cD\u00edmelo, y lo olvido. Ens\u00e9\u00f1amelo y lo recuerdo. Involucrarme y lo aprendo\u201d.Precisamente este pensamiento es el fundamento de la filosof\u00eda del Kids English Club 100% English Camp. Diferente a los campamentos urbanos en&hellip;<\/p>\n","protected":false},"author":2,"featured_media":0,"parent":0,"menu_order":0,"comment_status":"closed","ping_status":"closed","template":"","meta":{"footnotes":""},"categories":[3,11],"tags":[6,4,5],"class_list":["post-363","page","type-page","status-publish","hentry","category-campamentos","category-spanish","tag-actividades-infantiles","tag-campamentos","tag-urbanos"],"_links":{"self":[{"href":"https:\/\/iberenglish.es\/camp\/es\/wp-json\/wp\/v2\/pages\/363","targetHints":{"allow":["GET"]}}],"collection":[{"href":"https:\/\/iberenglish.es\/camp\/es\/wp-json\/wp\/v2\/pages"}],"about":[{"href":"https:\/\/iberenglish.es\/camp\/es\/wp-json\/wp\/v2\/types\/page"}],"author":[{"embeddable":true,"href":"https:\/\/iberenglish.es\/camp\/es\/wp-json\/wp\/v2\/users\/2"}],"replies":[{"embeddable":true,"href":"https:\/\/iberenglish.es\/camp\/es\/wp-json\/wp\/v2\/comments?post=363"}],"version-history":[{"count":5,"href":"https:\/\/iberenglish.es\/camp\/es\/wp-json\/wp\/v2\/pages\/363\/revisions"}],"predecessor-version":[{"id":2130,"href":"https:\/\/iberenglish.es\/camp\/es\/wp-json\/wp\/v2\/pages\/363\/revisions\/2130"}],"wp:attachment":[{"href":"https:\/\/iberenglish.es\/camp\/es\/wp-json\/wp\/v2\/media?parent=363"}],"wp:term":[{"taxonomy":"category","embeddable":true,"href":"https:\/\/iberenglish.es\/camp\/es\/wp-json\/wp\/v2\/categories?post=363"},{"taxonomy":"post_tag","embeddable":true,"href":"https:\/\/iberenglish.es\/camp\/es\/wp-json\/wp\/v2\/tags?post=363"}],"curies":[{"name":"wp","href":"https:\/\/api.w.org\/{rel}","templated":true}]}}