
{"id":540,"date":"2015-07-30T20:47:47","date_gmt":"2015-07-30T18:47:47","guid":{"rendered":"http:\/\/www.iberenglish.es\/camp\/es\/?page_id=540"},"modified":"2020-04-03T18:27:03","modified_gmt":"2020-04-03T16:27:03","slug":"campamento-semana-santa","status":"publish","type":"page","link":"https:\/\/iberenglish.es\/camp\/es\/campamento-semana-santa\/","title":{"rendered":"Campamento urbano Semana Santa  &#8211; 100% en ingl\u00e9s"},"content":{"rendered":"<div class=\"panel-grid\" id=\"pg-540-0\"><div class=\"panel-grid-core\"><div class=\"panel-grid-cell\" id=\"pgc-540-0-0\" ><p style=\"text-align: left;\"><img decoding=\"async\" src=\"https:\/\/iberenglish.es\/camp\/es\/wp-content\/uploads\/2015\/07\/wallpaper.npg_.png\" alt=\"\" \/ ><\/p><h1><span style=\"color: #800080;\">Campamento Semana Santa<\/span><\/h1><p><strong><span style=\"color: #800080;\">03, 06, 07, 08 y 13 de Abril (5 d\u00edas)<\/span><\/strong><\/p><div id=\"accordion-thinkupshortcodesthinkup_builder_toggle\" class=\"accordion style2\"><div class=\"accordion-group\"><div class=\"accordion-heading\"><a class=\"accordion-toggle collapsed\" data-toggle=\"collapse\" data-parent=\"#accordion-thinkupshortcodesthinkup_builder_toggle\" href=\"#thinkupshortcodesthinkup_builder_toggle-0\"><img decoding=\"async\" title=\"Spanish\" src=\"https:\/\/www.iberenglish.es\/camp\/es\/wp-content\/uploads\/2015\/05\/spanish.png\" WIDTH=18\/> INSCRIPCI\u00d3N-PRESUPUESTOS AQU\u00cd<\/a><\/div><div id=\"thinkupshortcodesthinkup_builder_toggle-0\" class=\"accordion-body collapse\"><div class=\"accordion-inner\">Cumplimente el siguiente formulario y en breve  recibir\u00e1 un presupuesto personalizado e informaci\u00f3n complementaria. Si est\u00e1 conforme, en el propio documento estar\u00e1n las instrucciones para hacer el pago y confirmar la reserva.    \n<iframe\n      id=\"JotFormIFrame-90501088114953\"\n      onload=\"window.parent.scrollTo(0,0)\"\n      allowtransparency=\"true\"\n      allowfullscreen=\"true\"\n      allow=\"geolocation; microphone; camera\"\n      src=\"https:\/\/form.jotform.com\/90501088114953\"\n      frameborder=\"0\"\n      style=\"width: 1px;\n      min-width: 100%;\n      height:1392px;\n      border:none;\"\n      scrolling=\"no\"\n    >\n    <\/iframe>\n    <script type=\"text\/javascript\">\n      var ifr = document.getElementById(\"JotFormIFrame-90501088114953\");\n      if(window.location.href && window.location.href.indexOf(\"?\") > -1) {\n        var get = window.location.href.substr(window.location.href.indexOf(\"?\") + 1);\n        if(ifr && get.length > 0) {\n          var src = ifr.src;\n          src = src.indexOf(\"?\") > -1 ? src + \"&\" + get : src  + \"?\" + get;\n          ifr.src = src;\n        }\n      }\n      window.handleIFrameMessage = function(e) {\n        if (typeof e.data === 'object') { return; }\n        var args = e.data.split(\":\");\n        if (args.length > 2) { iframe = document.getElementById(\"JotFormIFrame-\" + args[(args.length - 1)]); } else { iframe = document.getElementById(\"JotFormIFrame\"); }\n        if (!iframe) { return; }\n        switch (args[0]) {\n          case \"scrollIntoView\":\n            iframe.scrollIntoView();\n            break;\n          case \"setHeight\":\n            iframe.style.height = args[1] + \"px\";\n            break;\n          case \"collapseErrorPage\":\n            if (iframe.clientHeight > window.innerHeight) {\n              iframe.style.height = window.innerHeight + \"px\";\n            }\n            break;\n          case \"reloadPage\":\n            window.location.reload();\n            break;\n          case \"loadScript\":\n            var src = args[1];\n            if (args.length > 3) {\n                src = args[1] + ':' + args[2];\n            }\n            var script = document.createElement('script');\n            script.src = src;\n            script.type = 'text\/javascript';\n            document.body.appendChild(script);\n            break;\n          case \"exitFullscreen\":\n            if      (window.document.exitFullscreen)        window.document.exitFullscreen();\n            else if (window.document.mozCancelFullScreen)   window.document.mozCancelFullScreen();\n            else if (window.document.mozCancelFullscreen)   window.document.mozCancelFullScreen();\n            else if (window.document.webkitExitFullscreen)  window.document.webkitExitFullscreen();\n            else if (window.document.msExitFullscreen)      window.document.msExitFullscreen();\n            break;\n        }\n        var isJotForm = (e.origin.indexOf(\"jotform\") > -1) ? true : false;\n        if(isJotForm && \"contentWindow\" in iframe && \"postMessage\" in iframe.contentWindow) {\n          var urls = {\"docurl\":encodeURIComponent(document.URL),\"referrer\":encodeURIComponent(document.referrer)};\n          iframe.contentWindow.postMessage(JSON.stringify({\"type\":\"urls\",\"value\":urls}), \"*\");\n        }\n      };\n      if (window.addEventListener) {\n        window.addEventListener(\"message\", handleIFrameMessage, false);\n      } else if (window.attachEvent) {\n        window.attachEvent(\"onmessage\", handleIFrameMessage);\n      }\n      <\/script><\/div><\/div><\/div><\/div><p><span style=\"color: #ff00ff;\"><strong>Kids English Club \u00a9<\/strong><\/span> e <span style=\"color: #333399;\"><strong>IberEnglish<\/strong><\/span> presentan el <span style=\"color: #808000;\"><strong>Campamento urbano\u00a0100% en Ingl\u00e9s<\/strong><\/span>, para esta <strong><span style=\"color: #ff00ff;\">Semana Santa de 2019<\/span><\/strong> por la zona de Plaza de Castilla, Chamart\u00edn, Tetu\u00e1n. En donde siguiendo el programa\u00a0 \"Hands On English\" \u00a0los ni\u00f1os practicar\u00e1n y mejorar\u00e1n su ingl\u00e9s de forma natural mientras juegan, interact\u00faan y se divierten.<\/p><h4><span style=\"color: #800000;\">RESUMEN<\/span><\/h4><ul><li><span style=\"color: #ff0000;\">Actividad:<\/span>\u00a0CAMPAMENTO SEMANA SANTA 2019<\/li><li><span style=\"color: #ff0000;\">Fechas:<\/span> 03, 06, 07, 08 y 13 ABRIL<\/li><li><span style=\"color: #ff0000;\">Horario<\/span>: De 9:00 a 14:00 - Ampliable 8h a 15, 16 o 16:30<\/li><li><span style=\"color: #ff0000;\">Lugar:<\/span> <span style=\"color: #333333;\">IberEnglish C\/ Amalia 9 - 28020 Madrid<\/span><\/li><li><span style=\"color: #ff0000;\">Precio:<\/span>\u00a0Desde 34,40 \u20ac \u00a0hasta 43,00 \u20ac p\/d\u00eda<\/li><li><span style=\"color: #ff0000;\">Descuentos:<\/span> Seg\u00fan horario, hermanos, etc. Consultar.<\/li><li><span style=\"color: #ff0000;\">Contrataci\u00f3n<\/span>: Por d\u00edas en horario normal o ampliado\u00a0<\/li><\/ul><h4><span style=\"color: #800000;\">INFORMACI\u00d3N<\/span><\/h4><div id=\"accordion-thinkupshortcodesthinkup_builder_toggle1\" class=\"accordion style1\"><div class=\"accordion-group\"><div class=\"accordion-heading\"><a class=\"accordion-toggle collapsed\" data-toggle=\"collapse\" data-parent=\"#accordion-thinkupshortcodesthinkup_builder_toggle1\" href=\"#thinkupshortcodesthinkup_builder_toggle1-0\">PROGRAMA EDUCATIVO<\/a><\/div><div id=\"thinkupshortcodesthinkup_builder_toggle1-0\" class=\"accordion-body collapse\"><div class=\"accordion-inner\"><p style=\"text-align: justify;\">En esta actividad infantil siguiendo nuestro programa \"HANDS ON ENGLISH\", Para ni\u00f1as y ni\u00f1os de 4 a 11 a\u00f1os, los ni\u00f1os y ni\u00f1as  practicar\u00e1n y mejorar\u00e1n su ingl\u00e9s de forma natural mientras juegan, interact\u00faan y se divierten.<\/p>\n<p style=\"text-align: justify;\">Los participantes del campamento usar\u00e1n su conocimiento del ingl\u00e9s en talleres ludo-educativos para explorar la ciencia mediante experimentos sencillos, desarrollar sus habilidades creativos con manualidades interesantes y singulares, jugar en equipo en juegos organizados en el parque y participar en expresi\u00f3n creativa f\u00edsica con miniobras de teatro, canciones, baile y yoga. Todas estas actividades giran alrededor de un tema diario y semanal, procurando que sea una oportunidad excelente para que los ni\u00f1os fortalezcan su expresi\u00f3n en ingl\u00e9s en muchos campos colaborando en equipo o dando y recibiendo instrucciones. De trasfondo el objetivo es reforzar el vocabulario y el uso del ingl\u00e9s seg\u00fan los est\u00e1ndares educativos para una educaci\u00f3n biling\u00fce o multiling\u00fce.<\/p><\/div><\/div><\/div><div class=\"accordion-group\"><div class=\"accordion-heading\"><a class=\"accordion-toggle collapsed\" data-toggle=\"collapse\" data-parent=\"#accordion-thinkupshortcodesthinkup_builder_toggle1\" href=\"#thinkupshortcodesthinkup_builder_toggle1-1\">MONITORAS NATIVAS<\/a><\/div><div id=\"thinkupshortcodesthinkup_builder_toggle1-1\" class=\"accordion-body collapse\"><div class=\"accordion-inner\"><p style=\"text-align: justify;\">Nuestras profesoras son profesionales NATIVAS, dominan el espa\u00f1ol y se dedican a la ense\u00f1anza del ingl\u00e9s de forma vocacional. Todas tienen titulaci\u00f3n universitaria y algunas estudios de postgrado en educaci\u00f3n, pedagog\u00ed\u00ada, psicolog\u00eda o similares y si van a tratar con los m\u00e1s peque\u00f1os se les exige experiencia docente con ni\u00f1os.<\/p><\/div><\/div><\/div><div class=\"accordion-group\"><div class=\"accordion-heading\"><a class=\"accordion-toggle collapsed\" data-toggle=\"collapse\" data-parent=\"#accordion-thinkupshortcodesthinkup_builder_toggle1\" href=\"#thinkupshortcodesthinkup_builder_toggle1-2\">RATIO DE ALUMNOS<\/a><\/div><div id=\"thinkupshortcodesthinkup_builder_toggle1-2\" class=\"accordion-body collapse\"><div class=\"accordion-inner\"><p style=\"text-align: justify;\">Los participantes estar\u00e1n organizados en grupos reducidos de hasta 8 ni\u00f1os con una profesora. Se agrupar\u00e1n dentro de lo razonablemente posible atendiendo a edades y niveles de ingl\u00e9s.<\/<p><\/div><\/div><\/div><div class=\"accordion-group\"><div class=\"accordion-heading\"><a class=\"accordion-toggle collapsed\" data-toggle=\"collapse\" data-parent=\"#accordion-thinkupshortcodesthinkup_builder_toggle1\" href=\"#thinkupshortcodesthinkup_builder_toggle1-3\">PROGRAMA DIARIO BASE<\/a><\/div><div id=\"thinkupshortcodesthinkup_builder_toggle1-3\" class=\"accordion-body collapse\"><div class=\"accordion-inner\"><ul>\n<li>08:00-09:00 LLEGADA<\/li>\n<li>09:00-09:30 Presentaci\u00f3n del d\u00eda<\/li>\n<li>09:30-10:15 Expresi\u00f3n Creativa<\/li>\n<li>10:15-11:00 Juegos en el Parque<\/li>\n<li>11:00-11:45 Almuerzo<\/li>\n<li>11:45-12:30 Explorar la ciencia<\/li>\n<li>12:30-13:15 Manualidades<\/li>\n<li>13:15-14:00 Yoga en el parque<\/li>\n<li>14:00-15:00 Comida o Salida<\/li>\n<li>15:00-15:30 juego libre<\/li>\n<li>15:30-16:30 Juegos de mesa Y SALIDA<\/li>\n<\/ul>\n<\/div><\/div><\/div><div class=\"accordion-group\"><div class=\"accordion-heading\"><a class=\"accordion-toggle collapsed\" data-toggle=\"collapse\" data-parent=\"#accordion-thinkupshortcodesthinkup_builder_toggle1\" href=\"#thinkupshortcodesthinkup_builder_toggle1-4\">ALMUERZO Y COMIDA<\/a><\/div><div id=\"thinkupshortcodesthinkup_builder_toggle1-4\" class=\"accordion-body collapse\"><div class=\"accordion-inner\"><p style=\"text-align: justify;\">A media ma\u00f1ana ofreceremos a nuestros peque\u00f1os y distinguidos participantes un tentempi\u00e9 consistente en zumos, leche y productos de boller\u00eda como magdalenas, etc. Por supuesto que estaremos atentos a las alergias e intolerancias alimentarias de forma personalizada con cada ni\u00f1o.\nPara los que hagan uso del horario extendido, los padres preparar\u00e1n y traer\u00e1n un \"<a href=\"https:\/\/www.google.es\/search?q=PACKED+LUNCH&sa=X&biw=1280&bih=899&tbm=isch&tbo=u&source=univ&ved=0ahUKEwiD8vfB_6zLAhVK7xQKHVxzDEgQsAQIGw\" target=\"_new\">PACKED LUNCH<\/a>\" que guardaremos en el frigor\u00edfico, calentaremos en el microondas y serviremos a sus peque\u00f1os ayud\u00e1ndolos en todo lo necesario para que su almuerzo sea lo mas agradable y nutritivo posible. <a href=\"http:\/\/mylifeandkids.com\/30-great-packed-lunch-ideas-kids\/\" target=\"_new\">See these ideas <\/a>\n<\/p>\n\n<p><img loading=\"lazy\" decoding=\"async\" class=\"alignnone size-full wp-image-662\" src=\"https:\/\/www.iberenglish.es\/camp\/es\/wp-content\/uploads\/2015\/07\/115616351.jpg\" alt=\"iberenglish_II\" width=\"575\" height=\"136\" \/><\/p><\/div><\/div><\/div><div class=\"accordion-group\"><div class=\"accordion-heading\"><a class=\"accordion-toggle collapsed\" data-toggle=\"collapse\" data-parent=\"#accordion-thinkupshortcodesthinkup_builder_toggle1\" href=\"#thinkupshortcodesthinkup_builder_toggle1-5\">SEGURIDAD<\/a><\/div><div id=\"thinkupshortcodesthinkup_builder_toggle1-5\" class=\"accordion-body collapse\"><div class=\"accordion-inner\"><p style=\"text-align: justify;\">Sabemos que a Usted, como a nosotros, le preocupa la seguridad. Por ello tiene que saber que adem\u00e1s del personal con vocaci\u00f3n y experiencia en el trato con ni\u00f1os, las instalaciones amplias y c\u00f3modas y el recinto protegido y seguro, todos los ni\u00f1os que acudan al campamento dispondr\u00e1n de un seguro individual de accidentes y asistencia sanitaria.<\/<P><\/div><\/div><\/div><div class=\"accordion-group\"><div class=\"accordion-heading\"><a class=\"accordion-toggle collapsed\" data-toggle=\"collapse\" data-parent=\"#accordion-thinkupshortcodesthinkup_builder_toggle1\" href=\"#thinkupshortcodesthinkup_builder_toggle1-6\">LUGAR E INSTALACIONES<\/a><\/div><div id=\"thinkupshortcodesthinkup_builder_toggle1-6\" class=\"accordion-body collapse\"><div class=\"accordion-inner\"><p style=\"text-align: justify;\">Estas actividades se desarrollan en nuestras instalaciones de la C\/ Amalia 9, en donde los ni\u00f1os van a poder disfrutar en un recinto enteramente seguro. Parte de las actividades se realizan en un <b>patio interior muy amplio<\/b> y seguro, muy c\u00f3modo y accesible, con c\u00e9sped artificial, mobiliario de jard\u00edn y opcionalmente una minipiscina para los \"DIAS DEL AGUA\"<\/p>\n<p style=\"text-align: justify;\">Estas instalaciones pueden ser visitadas en cualquier momento de lunes a viernes de 08.00 a 21:30. En periodos vacacionales o d\u00ed\u00adas de puente o similares es mejor llamar antes.<\/p>\n<p><img loading=\"lazy\" decoding=\"async\" class=\"alignnone size-full wp-image-662\" src=\"https:\/\/www.iberenglish.es\/camp\/es\/wp-content\/uploads\/2015\/07\/iberenglish_II-1.jpg\" alt=\"iberenglish_II\" width=\"575\" height=\"136\" srcset=\"https:\/\/iberenglish.es\/camp\/es\/wp-content\/uploads\/2015\/07\/iberenglish_II-1.jpg 575w, https:\/\/iberenglish.es\/camp\/es\/wp-content\/uploads\/2015\/07\/iberenglish_II-1-300x71.jpg 300w, https:\/\/iberenglish.es\/camp\/es\/wp-content\/uploads\/2015\/07\/iberenglish_II-1-570x136.jpg 570w\" sizes=\"auto, (max-width: 575px) 100vw, 575px\" \/><\/p><p><img loading=\"lazy\" decoding=\"async\" class=\"alignnone  wp-image-1055\" src=\"https:\/\/www.iberenglish.es\/camp\/es\/wp-content\/uploads\/2016\/07\/actividades.jpg\" alt=\"actividades\" width=\"575\" height=\"114\" srcset=\"https:\/\/iberenglish.es\/camp\/es\/wp-content\/uploads\/2016\/07\/actividades.jpg 850w, https:\/\/iberenglish.es\/camp\/es\/wp-content\/uploads\/2016\/07\/actividades-300x59.jpg 300w, https:\/\/iberenglish.es\/camp\/es\/wp-content\/uploads\/2016\/07\/actividades-768x152.jpg 768w, https:\/\/iberenglish.es\/camp\/es\/wp-content\/uploads\/2016\/07\/actividades-570x114.jpg 570w, https:\/\/iberenglish.es\/camp\/es\/wp-content\/uploads\/2016\/07\/actividades-380x76.jpg 380w, https:\/\/iberenglish.es\/camp\/es\/wp-content\/uploads\/2016\/07\/actividades-285x57.jpg 285w\" sizes=\"auto, (max-width: 575px) 100vw, 575px\" \/><\/p>\n<\/div><\/div><\/div><div class=\"accordion-group\"><div class=\"accordion-heading\"><a class=\"accordion-toggle collapsed\" data-toggle=\"collapse\" data-parent=\"#accordion-thinkupshortcodesthinkup_builder_toggle1\" href=\"#thinkupshortcodesthinkup_builder_toggle1-7\"><img decoding=\"async\" title=\"Spanish\" src=\"https:\/\/www.iberenglish.es\/camp\/es\/wp-content\/uploads\/2015\/05\/spanish.png\" WIDTH=18\/> INSCRIPCI\u00d3N-PRESUPUESTOS AQU\u00cd<\/a><\/div><div id=\"thinkupshortcodesthinkup_builder_toggle1-7\" class=\"accordion-body collapse\"><div class=\"accordion-inner\">Cumplimente el siguiente formulario y en breve  recibir\u00e1 un presupuesto personalizado e informaci\u00f3n complementaria. Si est\u00e1 conforme, en el propio documento estar\u00e1n las instrucciones para hacer el pago y confirmar la reserva.    \n<iframe\n      id=\"JotFormIFrame-90501088114953\"\n      onload=\"window.parent.scrollTo(0,0)\"\n      allowtransparency=\"true\"\n      allowfullscreen=\"true\"\n      allow=\"geolocation; microphone; camera\"\n      src=\"https:\/\/form.jotform.com\/90501088114953\"\n      frameborder=\"0\"\n      style=\"width: 1px;\n      min-width: 100%;\n      height:1392px;\n      border:none;\"\n      scrolling=\"no\"\n    >\n    <\/iframe>\n    <script type=\"text\/javascript\">\n      var ifr = document.getElementById(\"JotFormIFrame-90501088114953\");\n      if(window.location.href && window.location.href.indexOf(\"?\") > -1) {\n        var get = window.location.href.substr(window.location.href.indexOf(\"?\") + 1);\n        if(ifr && get.length > 0) {\n          var src = ifr.src;\n          src = src.indexOf(\"?\") > -1 ? src + \"&\" + get : src  + \"?\" + get;\n          ifr.src = src;\n        }\n      }\n      window.handleIFrameMessage = function(e) {\n        if (typeof e.data === 'object') { return; }\n        var args = e.data.split(\":\");\n        if (args.length > 2) { iframe = document.getElementById(\"JotFormIFrame-\" + args[(args.length - 1)]); } else { iframe = document.getElementById(\"JotFormIFrame\"); }\n        if (!iframe) { return; }\n        switch (args[0]) {\n          case \"scrollIntoView\":\n            iframe.scrollIntoView();\n            break;\n          case \"setHeight\":\n            iframe.style.height = args[1] + \"px\";\n            break;\n          case \"collapseErrorPage\":\n            if (iframe.clientHeight > window.innerHeight) {\n              iframe.style.height = window.innerHeight + \"px\";\n            }\n            break;\n          case \"reloadPage\":\n            window.location.reload();\n            break;\n          case \"loadScript\":\n            var src = args[1];\n            if (args.length > 3) {\n                src = args[1] + ':' + args[2];\n            }\n            var script = document.createElement('script');\n            script.src = src;\n            script.type = 'text\/javascript';\n            document.body.appendChild(script);\n            break;\n          case \"exitFullscreen\":\n            if      (window.document.exitFullscreen)        window.document.exitFullscreen();\n            else if (window.document.mozCancelFullScreen)   window.document.mozCancelFullScreen();\n            else if (window.document.mozCancelFullscreen)   window.document.mozCancelFullScreen();\n            else if (window.document.webkitExitFullscreen)  window.document.webkitExitFullscreen();\n            else if (window.document.msExitFullscreen)      window.document.msExitFullscreen();\n            break;\n        }\n        var isJotForm = (e.origin.indexOf(\"jotform\") > -1) ? true : false;\n        if(isJotForm && \"contentWindow\" in iframe && \"postMessage\" in iframe.contentWindow) {\n          var urls = {\"docurl\":encodeURIComponent(document.URL),\"referrer\":encodeURIComponent(document.referrer)};\n          iframe.contentWindow.postMessage(JSON.stringify({\"type\":\"urls\",\"value\":urls}), \"*\");\n        }\n      };\n      if (window.addEventListener) {\n        window.addEventListener(\"message\", handleIFrameMessage, false);\n      } else if (window.attachEvent) {\n        window.attachEvent(\"onmessage\", handleIFrameMessage);\n      }\n      <\/script><\/div><\/div><\/div><\/div><p><span style=\"color: #3366ff;\"><span style=\"line-height: 1.5;\"><img loading=\"lazy\" decoding=\"async\" class=\"\" src=\"https:\/\/www.iberenglish.es\/camp\/es\/wp-content\/uploads\/2015\/05\/english.png\" alt=\"\" width=\"30\" height=\"17\" \/> <a href=\"https:\/\/www.iberenglish.es\/camp\/es\/easter-camp-teacher-in-service-day\/\">Read in English<\/a><\/span><\/span><\/p><a href=\"https:\/\/iberenglish.es\/camp\/es\/\" class=\"button style1 aqua large\"off><img decoding=\"async\" title=\"English\" src=\"https:\/\/iberenglish.es\/camp\/es\/wp-content\/uploads\/2015\/05\/english.png\" WIDTH=18\/> Read in English<\/a><a href=\"https:\/\/iberenglish.es\/camp\/es\/preguntas-faqs\/\" class=\"button style1 themebutton large\"off><img decoding=\"async\" title=\"Spanish\" src=\"https:\/\/www.iberenglish.es\/camp\/es\/wp-content\/uploads\/2015\/05\/spanish.png\" WIDTH=18\/> FAQ: Frequently Asked Questions<\/a><p style=\"text-align: left;\"><img decoding=\"async\" src=\"https:\/\/iberenglish.es\/camp\/es\/wp-content\/uploads\/2015\/07\/native_children.jpg\" alt=\"\" \/ ><\/p><\/div><div class=\"panel-grid-cell\" id=\"pgc-540-0-1\" ><p><iframe loading=\"lazy\" src=\"https:\/\/www.youtube.com\/embed\/RJ8o-ea7A9Q\" width=\"560\" height=\"315\" frameborder=\"0\" allowfullscreen=\"allowfullscreen\"><\/iframe><\/p><pauto><img decoding=\"async\" src=\"https:\/\/iberenglish.es\/camp\/es\/wp-content\/uploads\/2020\/02\/abril_santa.jpg\" alt=\"\" \/ ><\/p><pauto><img decoding=\"async\" src=\"https:\/\/iberenglish.es\/camp\/es\/wp-content\/uploads\/2018\/08\/WhatsApp-Image-2018-08-28-at-15.42.30-1024x768.jpeg\" alt=\"\" \/ ><\/p>\r\n<div class=\"rslides-sc full-width\" data-height=\"352\" data-wide=\"on\">\r\n<div class=\"rslides-container\">\r\n<div class=\"rslides-inner\">\r\n\t<ul class=\"slides\">\r\n\t\t\t\t<li>\r\n\t<img decoding=\"async\" src=\"https:\/\/iberenglish.es\/camp\/es\/wp-content\/themes\/Minamaze_Pro\/images\/transparent.png\" style=\"background: url(https:\/\/iberenglish.es\/camp\/es\/wp-content\/uploads\/2015\/07\/workshop_kids.jpg) no-repeat center; background-size: cover;\" alt=\"Demo Image\" \/>\r\n\t<\/li>\r\n\t\t\t\t<li>\r\n\t<img decoding=\"async\" src=\"https:\/\/iberenglish.es\/camp\/es\/wp-content\/themes\/Minamaze_Pro\/images\/transparent.png\" style=\"background: url(https:\/\/iberenglish.es\/camp\/es\/wp-content\/uploads\/2016\/07\/IMG_20150831_103803-768x1024.jpg) no-repeat center; background-size: cover;\" alt=\"Demo Image\" \/>\r\n\t<\/li>\r\n\t\t\t\t<li>\r\n\t<img decoding=\"async\" src=\"https:\/\/iberenglish.es\/camp\/es\/wp-content\/themes\/Minamaze_Pro\/images\/transparent.png\" style=\"background: url(https:\/\/iberenglish.es\/camp\/es\/wp-content\/uploads\/2016\/07\/IMG_20150902_105158-2-768x1024.jpg) no-repeat center; background-size: cover;\" alt=\"Demo Image\" \/>\r\n\t<\/li>\r\n\t\t\t\t<li>\r\n\t<img decoding=\"async\" src=\"https:\/\/iberenglish.es\/camp\/es\/wp-content\/themes\/Minamaze_Pro\/images\/transparent.png\" style=\"background: url(https:\/\/iberenglish.es\/camp\/es\/wp-content\/uploads\/2016\/07\/IMG_20150831_104433-768x1024.jpg) no-repeat center; background-size: cover;\" alt=\"Demo Image\" \/>\r\n\t<\/li>\r\n\t\t\t\t<li>\r\n\t<img decoding=\"async\" src=\"https:\/\/iberenglish.es\/camp\/es\/wp-content\/themes\/Minamaze_Pro\/images\/transparent.png\" style=\"background: url(https:\/\/iberenglish.es\/camp\/es\/wp-content\/uploads\/2016\/07\/IMG_20150902_101615-768x1024.jpg) no-repeat center; background-size: cover;\" alt=\"Demo Image\" \/>\r\n\t<\/li>\r\n\t\t\t\t<li>\r\n\t<img decoding=\"async\" src=\"https:\/\/iberenglish.es\/camp\/es\/wp-content\/themes\/Minamaze_Pro\/images\/transparent.png\" style=\"background: url(https:\/\/iberenglish.es\/camp\/es\/wp-content\/uploads\/2016\/07\/IMG_20150831_112630-1024x768.jpg) no-repeat center; background-size: cover;\" alt=\"Demo Image\" \/>\r\n\t<\/li>\r\n\t\t\t\t<li>\r\n\t<img decoding=\"async\" src=\"https:\/\/iberenglish.es\/camp\/es\/wp-content\/themes\/Minamaze_Pro\/images\/transparent.png\" style=\"background: url(https:\/\/iberenglish.es\/camp\/es\/wp-content\/uploads\/2016\/07\/IMG_20150902_101708-768x1024.jpg) no-repeat center; background-size: cover;\" alt=\"Demo Image\" \/>\r\n\t<\/li>\r\n\t\t<\/ul>\r\n<\/div>\r\n<\/div>\r\n<\/div><\/div><\/div><\/div><div class=\"panel-grid\" id=\"pg-540-1\"><div class=\"panel-grid-core\"><div class=\"panel-grid-cell\" id=\"pgc-540-1-0\" ><p><iframe loading=\"lazy\" style=\"border: 0;\" src=\"https:\/\/www.google.com\/maps\/embed?pb=!1m18!1m12!1m3!1d3035.5094117985827!2d-3.6968700486681243!3d40.46399397925835!2m3!1f0!2f0!3f0!3m2!1i1024!2i768!4f13.1!3m3!1m2!1s0xd42290f4006f0eb%3A0xefdc9c239293bb68!2sAcademia+de+ingl%C3%A9s+IberEnglish!5e0!3m2!1ses!2ses!4v1552513786788\" width=\"100%\" height=\"300\" frameborder=\"0\" allowfullscreen=\"allowfullscreen\"><\/iframe><\/p><\/div><\/div><\/div>","protected":false},"excerpt":{"rendered":"<p>Campamento Semana Santa03, 06, 07, 08 y 13 de Abril (5 d\u00edas) INSCRIPCI\u00d3N-PRESUPUESTOS AQU\u00cdCumplimente el siguiente formulario y en breve recibir\u00e1 un presupuesto personalizado e informaci\u00f3n complementaria. Si est\u00e1 conforme, en el propio documento estar\u00e1n las instrucciones para hacer el pago y confirmar la reserva. Kids English Club \u00a9 e IberEnglish presentan el Campamento urbano\u00a0100%&hellip;<\/p>\n","protected":false},"author":2,"featured_media":0,"parent":0,"menu_order":0,"comment_status":"closed","ping_status":"closed","template":"","meta":{"footnotes":""},"categories":[3,11],"tags":[6,4,5],"class_list":["post-540","page","type-page","status-publish","hentry","category-campamentos","category-spanish","tag-actividades-infantiles","tag-campamentos","tag-urbanos"],"_links":{"self":[{"href":"https:\/\/iberenglish.es\/camp\/es\/wp-json\/wp\/v2\/pages\/540","targetHints":{"allow":["GET"]}}],"collection":[{"href":"https:\/\/iberenglish.es\/camp\/es\/wp-json\/wp\/v2\/pages"}],"about":[{"href":"https:\/\/iberenglish.es\/camp\/es\/wp-json\/wp\/v2\/types\/page"}],"author":[{"embeddable":true,"href":"https:\/\/iberenglish.es\/camp\/es\/wp-json\/wp\/v2\/users\/2"}],"replies":[{"embeddable":true,"href":"https:\/\/iberenglish.es\/camp\/es\/wp-json\/wp\/v2\/comments?post=540"}],"version-history":[{"count":5,"href":"https:\/\/iberenglish.es\/camp\/es\/wp-json\/wp\/v2\/pages\/540\/revisions"}],"predecessor-version":[{"id":2478,"href":"https:\/\/iberenglish.es\/camp\/es\/wp-json\/wp\/v2\/pages\/540\/revisions\/2478"}],"wp:attachment":[{"href":"https:\/\/iberenglish.es\/camp\/es\/wp-json\/wp\/v2\/media?parent=540"}],"wp:term":[{"taxonomy":"category","embeddable":true,"href":"https:\/\/iberenglish.es\/camp\/es\/wp-json\/wp\/v2\/categories?post=540"},{"taxonomy":"post_tag","embeddable":true,"href":"https:\/\/iberenglish.es\/camp\/es\/wp-json\/wp\/v2\/tags?post=540"}],"curies":[{"name":"wp","href":"https:\/\/api.w.org\/{rel}","templated":true}]}}